{"id":73,"date":"2015-01-16T23:49:54","date_gmt":"2015-01-16T23:49:54","guid":{"rendered":"http:\/\/totaltheme.wpengine.com\/portfolio\/?page_id=73"},"modified":"2023-11-20T16:31:14","modified_gmt":"2023-11-20T16:31:14","slug":"our-team","status":"publish","type":"page","link":"https:\/\/alquilerusaris.com\/rusaris\/our-team\/","title":{"rendered":"Quienes Somos"},"content":{"rendered":"<div class=\"wpb-content-wrapper\">[vc_row][vc_column width=&#8221;1\/2&#8243;][vc_single_image image=&#8221;310&#8243; style=&#8221;vc_box_shadow_3d&#8221;][\/vc_column][vc_column width=&#8221;1\/2&#8243;][vc_column_text font_family=&#8221;Marcellus&#8221;]\n<p class=\"has-medium-font-size\">Nos comprometemos con nuestros clientes para entender sus expectativas y juntos lograr que su evento sea un d\u00eda especial y memorable.<\/p>\n<p class=\"has-medium-font-size\">Tenemos a\u00f1os de experiencia que nos dan las credenciales para convertirnos en tu aliado para hacer de tus sue\u00f1os una realidad.<\/p>\n<p class=\"has-medium-font-size\"><img loading=\"lazy\" decoding=\"async\" class=\"alignnone size-medium wp-image-808\" src=\"https:\/\/alquilerusaris.com\/rusaris\/wp-content\/uploads\/2023\/11\/FIRMA-WEB-ROSA-CORREA-03-300x86.png\" alt=\"\" width=\"300\" height=\"86\" srcset=\"https:\/\/alquilerusaris.com\/rusaris\/wp-content\/uploads\/2023\/11\/FIRMA-WEB-ROSA-CORREA-03-300x86.png 300w, https:\/\/alquilerusaris.com\/rusaris\/wp-content\/uploads\/2023\/11\/FIRMA-WEB-ROSA-CORREA-03-1024x293.png 1024w, https:\/\/alquilerusaris.com\/rusaris\/wp-content\/uploads\/2023\/11\/FIRMA-WEB-ROSA-CORREA-03-768x220.png 768w, https:\/\/alquilerusaris.com\/rusaris\/wp-content\/uploads\/2023\/11\/FIRMA-WEB-ROSA-CORREA-03-1536x439.png 1536w, https:\/\/alquilerusaris.com\/rusaris\/wp-content\/uploads\/2023\/11\/FIRMA-WEB-ROSA-CORREA-03-2048x586.png 2048w\" sizes=\"auto, (max-width: 300px) 100vw, 300px\" \/><\/p>\n<p class=\"has-medium-font-size\">Fundadora<br \/>\nRusari\u2019s Rental &amp; Event Design[\/vc_column_text][\/vc_column][\/vc_row]\n<p class=\"has-medium-font-size\">\n<\/div>","protected":false},"excerpt":{"rendered":"<p>[vc_row][vc_column width=&#8221;1\/2&#8243;][vc_single_image image=&#8221;310&#8243; style=&#8221;vc_box_shadow_3d&#8221;][\/vc_column][vc_column width=&#8221;1\/2&#8243;][vc_column_text font_family=&#8221;Marcellus&#8221;] Nos comprometemos con nuestros clientes para entender sus expectativas y juntos lograr que su evento sea un d\u00eda especial y memorable. Tenemos a\u00f1os de experiencia que nos dan las credenciales para convertirnos en tu aliado para hacer de tus sue\u00f1os una realidad. Fundadora Rusari\u2019s Rental &amp; Event Design[\/vc_column_text][\/vc_column][\/vc_row]<\/p>\n","protected":false},"author":1,"featured_media":0,"parent":0,"menu_order":0,"comment_status":"closed","ping_status":"closed","template":"","meta":{"footnotes":""},"class_list":["post-73","page","type-page","status-publish","hentry","entry","no-media"],"_links":{"self":[{"href":"https:\/\/alquilerusaris.com\/rusaris\/wp-json\/wp\/v2\/pages\/73","targetHints":{"allow":["GET"]}}],"collection":[{"href":"https:\/\/alquilerusaris.com\/rusaris\/wp-json\/wp\/v2\/pages"}],"about":[{"href":"https:\/\/alquilerusaris.com\/rusaris\/wp-json\/wp\/v2\/types\/page"}],"author":[{"embeddable":true,"href":"https:\/\/alquilerusaris.com\/rusaris\/wp-json\/wp\/v2\/users\/1"}],"replies":[{"embeddable":true,"href":"https:\/\/alquilerusaris.com\/rusaris\/wp-json\/wp\/v2\/comments?post=73"}],"version-history":[{"count":17,"href":"https:\/\/alquilerusaris.com\/rusaris\/wp-json\/wp\/v2\/pages\/73\/revisions"}],"predecessor-version":[{"id":810,"href":"https:\/\/alquilerusaris.com\/rusaris\/wp-json\/wp\/v2\/pages\/73\/revisions\/810"}],"wp:attachment":[{"href":"https:\/\/alquilerusaris.com\/rusaris\/wp-json\/wp\/v2\/media?parent=73"}],"curies":[{"name":"wp","href":"https:\/\/api.w.org\/{rel}","templated":true}]}}