{"id":376,"date":"2023-11-14T20:04:35","date_gmt":"2023-11-14T20:04:35","guid":{"rendered":"https:\/\/alquilerusaris.com\/rusaris\/?page_id=376"},"modified":"2023-11-18T19:41:23","modified_gmt":"2023-11-18T19:41:23","slug":"blog-2","status":"publish","type":"page","link":"https:\/\/alquilerusaris.com\/rusaris\/blog-2\/","title":{"rendered":"Blog"},"content":{"rendered":"<div class=\"wpb-content-wrapper\">[vc_row][vc_column]<div class=\"vcex-module vcex-blog-grid-wrap wpex-clr\"><ul class=\"vcex-blog-filter vcex-filter-links wpex-clr\"><li class=\"active\"><a href=\"#\" data-filter=\"*\" class=\"theme-button minimal-border\"><span>All<\/span><\/a><\/li><li class=\"filter-cat-18\"><a href=\"#\" data-filter=\".cat-18\" class=\"theme-button minimal-border\">Estilos<\/a><\/li><li class=\"filter-cat-1\"><a href=\"#\" data-filter=\".cat-1\" class=\"theme-button minimal-border\">Uncategorized<\/a><\/li><\/ul><div class=\"wpex-row vcex-blog-grid wpex-clr entries vcex-isotope-grid wpex-overflow-hidden\"><div class=\"vcex-blog-entry vcex-grid-item entry-has-details span_1_of_2 col-1 col vcex-isotope-entry cat-1 post-834 entry type-post has-media\"><div class=\"vcex-blog-entry-inner entry-inner wpex-first-mt-0 wpex-last-mb-0 wpex-clr\"><div class=\"vcex-blog-entry-media entry-media\"><a href=\"https:\/\/alquilerusaris.com\/rusaris\/2025\/02\/05\/tendencias-de-decoracion-para-bodas-en-2025-que-no-puedes-perderte\/\" title=\"Tendencias de decoraci\u00f3n para bodas en 2025\u00a0\"><img loading=\"lazy\" decoding=\"async\" width=\"2560\" height=\"1709\" src=\"https:\/\/alquilerusaris.com\/rusaris\/wp-content\/uploads\/2025\/02\/SAB24AGO-SANTAFE23-scaled.jpg\" class=\"vcex-blog-entry-img wpex-align-middle skip-lazy\" alt=\"\" data-no-lazy=\"1\" srcset=\"https:\/\/alquilerusaris.com\/rusaris\/wp-content\/uploads\/2025\/02\/SAB24AGO-SANTAFE23-scaled.jpg 2560w, https:\/\/alquilerusaris.com\/rusaris\/wp-content\/uploads\/2025\/02\/SAB24AGO-SANTAFE23-300x200.jpg 300w, https:\/\/alquilerusaris.com\/rusaris\/wp-content\/uploads\/2025\/02\/SAB24AGO-SANTAFE23-1024x684.jpg 1024w, https:\/\/alquilerusaris.com\/rusaris\/wp-content\/uploads\/2025\/02\/SAB24AGO-SANTAFE23-768x513.jpg 768w, https:\/\/alquilerusaris.com\/rusaris\/wp-content\/uploads\/2025\/02\/SAB24AGO-SANTAFE23-1536x1025.jpg 1536w, https:\/\/alquilerusaris.com\/rusaris\/wp-content\/uploads\/2025\/02\/SAB24AGO-SANTAFE23-2048x1367.jpg 2048w\" sizes=\"auto, (max-width: 2560px) 100vw, 2560px\" \/><\/a><\/div><div class=\"vcex-blog-entry-details entry-details wpex-bordered wpex-first-mt-0 wpex-last-mb-0 wpex-clr\"><h2 class=\"vcex-blog-entry-title entry-title wpex-mb-5\"><a href=\"https:\/\/alquilerusaris.com\/rusaris\/2025\/02\/05\/tendencias-de-decoracion-para-bodas-en-2025-que-no-puedes-perderte\/\">Tendencias de decoraci\u00f3n para bodas en 2025\u00a0<\/a><\/h2><div class=\"vcex-blog-entry-date entry-date wpex-text-sm wpex-text-3 wpex-mb-5\">February 5, 2025<\/div><div class=\"vcex-blog-entry-excerpt entry-excerpt wpex-my-15 wpex-last-mb-0 wpex-clr\"><p>\u00bfSue\u00f1as con una boda \u00fanica y memorable? El 2025 trae consigo nuevas tendencias que transformar\u00e1n&hellip;<\/p><\/div><div class=\"vcex-blog-entry-readmore-wrap entry-readmore-wrap wpex-my-15 wpex-clr\"><a href=\"https:\/\/alquilerusaris.com\/rusaris\/2025\/02\/05\/tendencias-de-decoracion-para-bodas-en-2025-que-no-puedes-perderte\/\" class=\"theme-button\" aria-label=\"Leer m\u00e1s about Tendencias de decoraci\u00f3n para bodas en 2025\u00a0\">Leer m\u00e1s<\/a><\/div><\/div><\/div><\/div><div class=\"vcex-blog-entry vcex-grid-item entry-has-details span_1_of_2 col-2 col vcex-isotope-entry cat-18 post-55 entry type-post has-media\"><div class=\"vcex-blog-entry-inner entry-inner wpex-first-mt-0 wpex-last-mb-0 wpex-clr\"><div class=\"vcex-blog-entry-media entry-media\"><a href=\"https:\/\/alquilerusaris.com\/rusaris\/2023\/11\/18\/take-a-hike-to-a-secret-waterfall\/\" title=\"Inspiraci\u00f3n Vintage\"><img loading=\"lazy\" decoding=\"async\" width=\"2560\" height=\"1707\" src=\"https:\/\/alquilerusaris.com\/rusaris\/wp-content\/uploads\/2023\/11\/SAB-10-SEP-3-MARIAS-107-scaled.jpg\" class=\"vcex-blog-entry-img wpex-align-middle skip-lazy\" alt=\"\" data-no-lazy=\"1\" srcset=\"https:\/\/alquilerusaris.com\/rusaris\/wp-content\/uploads\/2023\/11\/SAB-10-SEP-3-MARIAS-107-scaled.jpg 2560w, https:\/\/alquilerusaris.com\/rusaris\/wp-content\/uploads\/2023\/11\/SAB-10-SEP-3-MARIAS-107-300x200.jpg 300w, https:\/\/alquilerusaris.com\/rusaris\/wp-content\/uploads\/2023\/11\/SAB-10-SEP-3-MARIAS-107-scaled-1024x683.jpg 1024w, https:\/\/alquilerusaris.com\/rusaris\/wp-content\/uploads\/2023\/11\/SAB-10-SEP-3-MARIAS-107-768x512.jpg 768w, https:\/\/alquilerusaris.com\/rusaris\/wp-content\/uploads\/2023\/11\/SAB-10-SEP-3-MARIAS-107-1536x1024.jpg 1536w, https:\/\/alquilerusaris.com\/rusaris\/wp-content\/uploads\/2023\/11\/SAB-10-SEP-3-MARIAS-107-scaled-1024x683@2x.jpg 2048w, https:\/\/alquilerusaris.com\/rusaris\/wp-content\/uploads\/2023\/11\/SAB-10-SEP-3-MARIAS-107-scaled-1500x1000.jpg 1500w\" sizes=\"auto, (max-width: 2560px) 100vw, 2560px\" \/><\/a><\/div><div class=\"vcex-blog-entry-details entry-details wpex-bordered wpex-first-mt-0 wpex-last-mb-0 wpex-clr\"><h2 class=\"vcex-blog-entry-title entry-title wpex-mb-5\"><a href=\"https:\/\/alquilerusaris.com\/rusaris\/2023\/11\/18\/take-a-hike-to-a-secret-waterfall\/\">Inspiraci\u00f3n Vintage<\/a><\/h2><div class=\"vcex-blog-entry-date entry-date wpex-text-sm wpex-text-3 wpex-mb-5\">November 18, 2023<\/div><div class=\"vcex-blog-entry-excerpt entry-excerpt wpex-my-15 wpex-last-mb-0 wpex-clr\"><p>En esta tem\u00e1tica reinan los vestidos de encaje y esta idea la llevamos al momento&hellip;<\/p><\/div><div class=\"vcex-blog-entry-readmore-wrap entry-readmore-wrap wpex-my-15 wpex-clr\"><a href=\"https:\/\/alquilerusaris.com\/rusaris\/2023\/11\/18\/take-a-hike-to-a-secret-waterfall\/\" class=\"theme-button\" aria-label=\"Leer m\u00e1s about Inspiraci\u00f3n Vintage\">Leer m\u00e1s<\/a><\/div><\/div><\/div><\/div><div class=\"vcex-blog-entry vcex-grid-item entry-has-details span_1_of_2 col-1 col vcex-isotope-entry cat-18 post-688 entry type-post has-media\"><div class=\"vcex-blog-entry-inner entry-inner wpex-first-mt-0 wpex-last-mb-0 wpex-clr\"><div class=\"vcex-blog-entry-media entry-media\"><a href=\"https:\/\/alquilerusaris.com\/rusaris\/2023\/11\/18\/inspiracion-botanica\/\" title=\"Inspiraci\u00f3n Bot\u00e1nica\"><img loading=\"lazy\" decoding=\"async\" width=\"1788\" height=\"1182\" src=\"https:\/\/alquilerusaris.com\/rusaris\/wp-content\/uploads\/2023\/11\/Screenshot-2023-11-17-at-21.57.40.png\" class=\"vcex-blog-entry-img wpex-align-middle skip-lazy\" alt=\"\" data-no-lazy=\"1\" srcset=\"https:\/\/alquilerusaris.com\/rusaris\/wp-content\/uploads\/2023\/11\/Screenshot-2023-11-17-at-21.57.40.png 1788w, https:\/\/alquilerusaris.com\/rusaris\/wp-content\/uploads\/2023\/11\/Screenshot-2023-11-17-at-21.57.40-300x198.png 300w, https:\/\/alquilerusaris.com\/rusaris\/wp-content\/uploads\/2023\/11\/Screenshot-2023-11-17-at-21.57.40-1024x677.png 1024w, https:\/\/alquilerusaris.com\/rusaris\/wp-content\/uploads\/2023\/11\/Screenshot-2023-11-17-at-21.57.40-768x508.png 768w, https:\/\/alquilerusaris.com\/rusaris\/wp-content\/uploads\/2023\/11\/Screenshot-2023-11-17-at-21.57.40-1536x1015.png 1536w, https:\/\/alquilerusaris.com\/rusaris\/wp-content\/uploads\/2023\/11\/Screenshot-2023-11-17-at-21.57.40-1500x992.png 1500w\" sizes=\"auto, (max-width: 1788px) 100vw, 1788px\" \/><\/a><\/div><div class=\"vcex-blog-entry-details entry-details wpex-bordered wpex-first-mt-0 wpex-last-mb-0 wpex-clr\"><h2 class=\"vcex-blog-entry-title entry-title wpex-mb-5\"><a href=\"https:\/\/alquilerusaris.com\/rusaris\/2023\/11\/18\/inspiracion-botanica\/\">Inspiraci\u00f3n Bot\u00e1nica<\/a><\/h2><div class=\"vcex-blog-entry-date entry-date wpex-text-sm wpex-text-3 wpex-mb-5\">November 18, 2023<\/div><div class=\"vcex-blog-entry-excerpt entry-excerpt wpex-my-15 wpex-last-mb-0 wpex-clr\"><p>Este estilo esta inspirado en plantas, \u00e1rboles y flores de todo tipo. Los elementos decorativos&hellip;<\/p><\/div><div class=\"vcex-blog-entry-readmore-wrap entry-readmore-wrap wpex-my-15 wpex-clr\"><a href=\"https:\/\/alquilerusaris.com\/rusaris\/2023\/11\/18\/inspiracion-botanica\/\" class=\"theme-button\" aria-label=\"Leer m\u00e1s about Inspiraci\u00f3n Bot\u00e1nica\">Leer m\u00e1s<\/a><\/div><\/div><\/div><\/div><div class=\"vcex-blog-entry vcex-grid-item entry-has-details span_1_of_2 col-2 col vcex-isotope-entry cat-18 post-686 entry type-post has-media\"><div class=\"vcex-blog-entry-inner entry-inner wpex-first-mt-0 wpex-last-mb-0 wpex-clr\"><div class=\"vcex-blog-entry-media entry-media\"><a href=\"https:\/\/alquilerusaris.com\/rusaris\/2023\/11\/18\/boda-boho-chic\/\" title=\"Boda Boho Chic\"><img loading=\"lazy\" decoding=\"async\" width=\"1778\" height=\"1182\" src=\"https:\/\/alquilerusaris.com\/rusaris\/wp-content\/uploads\/2023\/11\/Screenshot-2023-11-17-at-21.40.32.png\" class=\"vcex-blog-entry-img wpex-align-middle skip-lazy\" alt=\"\" data-no-lazy=\"1\" srcset=\"https:\/\/alquilerusaris.com\/rusaris\/wp-content\/uploads\/2023\/11\/Screenshot-2023-11-17-at-21.40.32.png 1778w, https:\/\/alquilerusaris.com\/rusaris\/wp-content\/uploads\/2023\/11\/Screenshot-2023-11-17-at-21.40.32-300x199.png 300w, https:\/\/alquilerusaris.com\/rusaris\/wp-content\/uploads\/2023\/11\/Screenshot-2023-11-17-at-21.40.32-1024x681.png 1024w, https:\/\/alquilerusaris.com\/rusaris\/wp-content\/uploads\/2023\/11\/Screenshot-2023-11-17-at-21.40.32-768x511.png 768w, https:\/\/alquilerusaris.com\/rusaris\/wp-content\/uploads\/2023\/11\/Screenshot-2023-11-17-at-21.40.32-1536x1021.png 1536w, https:\/\/alquilerusaris.com\/rusaris\/wp-content\/uploads\/2023\/11\/Screenshot-2023-11-17-at-21.40.32-1500x997.png 1500w\" sizes=\"auto, (max-width: 1778px) 100vw, 1778px\" \/><\/a><\/div><div class=\"vcex-blog-entry-details entry-details wpex-bordered wpex-first-mt-0 wpex-last-mb-0 wpex-clr\"><h2 class=\"vcex-blog-entry-title entry-title wpex-mb-5\"><a href=\"https:\/\/alquilerusaris.com\/rusaris\/2023\/11\/18\/boda-boho-chic\/\">Boda Boho Chic<\/a><\/h2><div class=\"vcex-blog-entry-date entry-date wpex-text-sm wpex-text-3 wpex-mb-5\">November 18, 2023<\/div><div class=\"vcex-blog-entry-excerpt entry-excerpt wpex-my-15 wpex-last-mb-0 wpex-clr\"><p>Este estilo se ve influenciado por la cultura hippie y lo bohemio, refinado y al&hellip;<\/p><\/div><div class=\"vcex-blog-entry-readmore-wrap entry-readmore-wrap wpex-my-15 wpex-clr\"><a href=\"https:\/\/alquilerusaris.com\/rusaris\/2023\/11\/18\/boda-boho-chic\/\" class=\"theme-button\" aria-label=\"Leer m\u00e1s about Boda Boho Chic\">Leer m\u00e1s<\/a><\/div><\/div><\/div><\/div><\/div>\t\t\t<div class=\"wpex-pagination wpex-text-center wpex-clear wpex-mt-30\"><ul class='page-numbers'>\n\t<li><span aria-current=\"page\" class=\"page-numbers current\"><span class=\"screen-reader-text\">Page <\/span>1<\/span><\/li>\n\t<li><a class=\"page-numbers\" href=\"https:\/\/alquilerusaris.com\/rusaris\/wp-json\/wp\/v2\/pages\/376\/page\/2\/\"><span class=\"screen-reader-text\">Page <\/span>2<\/a><\/li>\n\t<li><a class=\"next page-numbers\" href=\"https:\/\/alquilerusaris.com\/rusaris\/wp-json\/wp\/v2\/pages\/376\/page\/2\/\"><span class=\"ticon ticon-angle-right\" aria-hidden=\"true\"><\/span><span class=\"screen-reader-text\">Next<\/span><\/a><\/li>\n<\/ul>\n<\/div>\n\t\t<\/div>[\/vc_column][\/vc_row]\n<\/div>","protected":false},"excerpt":{"rendered":"<p>[vc_row][vc_column][\/vc_column][\/vc_row]<\/p>\n","protected":false},"author":1,"featured_media":0,"parent":0,"menu_order":0,"comment_status":"closed","ping_status":"closed","template":"","meta":{"footnotes":""},"class_list":["post-376","page","type-page","status-publish","hentry","entry","has-media"],"_links":{"self":[{"href":"https:\/\/alquilerusaris.com\/rusaris\/wp-json\/wp\/v2\/pages\/376","targetHints":{"allow":["GET"]}}],"collection":[{"href":"https:\/\/alquilerusaris.com\/rusaris\/wp-json\/wp\/v2\/pages"}],"about":[{"href":"https:\/\/alquilerusaris.com\/rusaris\/wp-json\/wp\/v2\/types\/page"}],"author":[{"embeddable":true,"href":"https:\/\/alquilerusaris.com\/rusaris\/wp-json\/wp\/v2\/users\/1"}],"replies":[{"embeddable":true,"href":"https:\/\/alquilerusaris.com\/rusaris\/wp-json\/wp\/v2\/comments?post=376"}],"version-history":[{"count":15,"href":"https:\/\/alquilerusaris.com\/rusaris\/wp-json\/wp\/v2\/pages\/376\/revisions"}],"predecessor-version":[{"id":770,"href":"https:\/\/alquilerusaris.com\/rusaris\/wp-json\/wp\/v2\/pages\/376\/revisions\/770"}],"wp:attachment":[{"href":"https:\/\/alquilerusaris.com\/rusaris\/wp-json\/wp\/v2\/media?parent=376"}],"curies":[{"name":"wp","href":"https:\/\/api.w.org\/{rel}","templated":true}]}}