{"id":147,"date":"2015-01-16T22:02:10","date_gmt":"2015-01-16T22:02:10","guid":{"rendered":"http:\/\/totaltheme.wpengine.com\/portfolio\/?page_id=43"},"modified":"2025-08-13T21:44:37","modified_gmt":"2025-08-13T21:44:37","slug":"home","status":"publish","type":"page","link":"https:\/\/alquilerusaris.com\/rusaris\/","title":{"rendered":"Home"},"content":{"rendered":"<div class=\"wpb-content-wrapper\">[vc_row full_width=&#8221;stretch_row&#8221; remove_bottom_col_margin=&#8221;true&#8221; css=&#8221;.vc_custom_1700691646722{padding-top: 70px !important;padding-bottom: 40px !important;background-color: #f5f5f5 !important;}&#8221;][vc_column]<style>.vcex-heading.vcex_69f29447d063f{font-size:32px;font-family:Marcellus;font-weight:400;}<\/style><h2 class=\"vcex-heading vcex-heading-plain vcex-module wpex-heading wpex-text-2xl wpex-text-center vcex_69f29447d063f\"><span class=\"vcex-heading-inner wpex-inline-block\">Conoce nuestros servicios<\/span><\/h2>[vc_column_text el_class=&#8221;limit-text-width&#8221; text_align=&#8221;center&#8221; font_family=&#8221;Marcellus&#8221;]\n<p style=\"text-align: center;\">Nos comprometemos con nuestros clientes para entender sus expectativas y juntos lograr que su evento sea un d\u00eda especial y memorable. Tenemos a\u00f1os de experiencia.<\/p>\n<p style=\"text-align: center;\">Descarga nuestros cat\u00e1logos: <a href=\"https:\/\/alquilerusaris.com\/rusaris\/wp-content\/uploads\/2025\/08\/Catalogo-Rusaris-Detalles-web.pdf\" target=\"_blank\" rel=\"noopener\">Cat\u00e1logo Rusari&#8217;s 2025 detalles<\/a> y\u00a0<a href=\"https:\/\/alquilerusaris.com\/rusaris\/wp-content\/uploads\/2025\/08\/Catalogo-Rusaris-2025-Mobiliario-web.pdf\" target=\"_blank\" rel=\"noopener\">Cat\u00e1logo Rusari&#8217;s 2025 Mobiliario<\/a><\/p>\n[\/vc_column_text][\/vc_column][\/vc_row][vc_row full_width=&#8221;stretch_row&#8221; remove_bottom_col_margin=&#8221;true&#8221; css=&#8221;.vc_custom_1700691598569{padding-top: 0px !important;background-color: #f5f5f5 !important;}&#8221;][vc_column width=&#8221;1\/3&#8243;]<figure class=\"vcex-image vcex-module textcenter\"><div class=\"vcex-image-inner wpex-relative wpex-inline-block\"><a href=\"https:\/\/alquilerusaris.com\/rusaris\/services\/\" title=\"Asesor\u00eda y Planeaci\u00f3n\"><img width=\"1650\" height=\"1070\" src=\"https:\/\/alquilerusaris.com\/rusaris\/wp-content\/uploads\/2023\/11\/Screenshot-2023-11-15-at-18.41.06.png\" class=\"vcex-image-img wpex-align-middle wpex-aspect-16-9 wpex-object-cover\" alt=\"\" loading=\"lazy\" decoding=\"async\" srcset=\"https:\/\/alquilerusaris.com\/rusaris\/wp-content\/uploads\/2023\/11\/Screenshot-2023-11-15-at-18.41.06.png 1650w, https:\/\/alquilerusaris.com\/rusaris\/wp-content\/uploads\/2023\/11\/Screenshot-2023-11-15-at-18.41.06-300x195.png 300w, https:\/\/alquilerusaris.com\/rusaris\/wp-content\/uploads\/2023\/11\/Screenshot-2023-11-15-at-18.41.06-1024x664.png 1024w, https:\/\/alquilerusaris.com\/rusaris\/wp-content\/uploads\/2023\/11\/Screenshot-2023-11-15-at-18.41.06-768x498.png 768w, https:\/\/alquilerusaris.com\/rusaris\/wp-content\/uploads\/2023\/11\/Screenshot-2023-11-15-at-18.41.06-1536x996.png 1536w, https:\/\/alquilerusaris.com\/rusaris\/wp-content\/uploads\/2023\/11\/Screenshot-2023-11-15-at-18.41.06-1500x973.png 1500w\" sizes=\"auto, (max-width: 1650px) 100vw, 1650px\" \/><\/a><\/div><figcaption class=\"vcex-image-caption wpex-mt-10\">Asesor\u00eda y Planeaci\u00f3n<\/figcaption><\/figure><style> style=\"height:40px;\"<\/style><div class=\"vcex-spacing wpex-w-100 wpex-clear\" style=\"height:40px;\"><\/div>[\/vc_column][vc_column width=&#8221;1\/3&#8243;]<figure class=\"vcex-image vcex-module textcenter\"><div class=\"vcex-image-inner wpex-relative wpex-inline-block\"><a href=\"https:\/\/alquilerusaris.com\/rusaris\/services\/\"><img width=\"1650\" height=\"1070\" src=\"https:\/\/alquilerusaris.com\/rusaris\/wp-content\/uploads\/2023\/11\/Screenshot-2023-11-15-at-18.34.08.png\" class=\"vcex-image-img wpex-align-middle wpex-aspect-16-9 wpex-object-cover\" alt=\"\" loading=\"lazy\" decoding=\"async\" srcset=\"https:\/\/alquilerusaris.com\/rusaris\/wp-content\/uploads\/2023\/11\/Screenshot-2023-11-15-at-18.34.08.png 1650w, https:\/\/alquilerusaris.com\/rusaris\/wp-content\/uploads\/2023\/11\/Screenshot-2023-11-15-at-18.34.08-300x195.png 300w, https:\/\/alquilerusaris.com\/rusaris\/wp-content\/uploads\/2023\/11\/Screenshot-2023-11-15-at-18.34.08-1024x664.png 1024w, https:\/\/alquilerusaris.com\/rusaris\/wp-content\/uploads\/2023\/11\/Screenshot-2023-11-15-at-18.34.08-768x498.png 768w, https:\/\/alquilerusaris.com\/rusaris\/wp-content\/uploads\/2023\/11\/Screenshot-2023-11-15-at-18.34.08-1536x996.png 1536w, https:\/\/alquilerusaris.com\/rusaris\/wp-content\/uploads\/2023\/11\/Screenshot-2023-11-15-at-18.34.08-1500x973.png 1500w\" sizes=\"auto, (max-width: 1650px) 100vw, 1650px\" \/><\/a><\/div><figcaption class=\"vcex-image-caption wpex-mt-10\">Decoraci\u00f3n<\/figcaption><\/figure><div class=\"vcex-spacing wpex-w-100 wpex-clear\"><\/div>[\/vc_column][vc_column width=&#8221;1\/3&#8243;]<figure class=\"vcex-image vcex-module textcenter\"><div class=\"vcex-image-inner wpex-relative wpex-inline-block\"><a href=\"https:\/\/alquilerusaris.com\/rusaris\/services\/\"><img width=\"2560\" height=\"1703\" src=\"https:\/\/alquilerusaris.com\/rusaris\/wp-content\/uploads\/2023\/11\/Rosita-Correa-BY-Bismark10-1-scaled.jpg\" class=\"vcex-image-img wpex-align-middle wpex-aspect-16-9 wpex-object-cover\" alt=\"\" loading=\"lazy\" decoding=\"async\" srcset=\"https:\/\/alquilerusaris.com\/rusaris\/wp-content\/uploads\/2023\/11\/Rosita-Correa-BY-Bismark10-1-scaled.jpg 2560w, https:\/\/alquilerusaris.com\/rusaris\/wp-content\/uploads\/2023\/11\/Rosita-Correa-BY-Bismark10-1-300x200.jpg 300w, https:\/\/alquilerusaris.com\/rusaris\/wp-content\/uploads\/2023\/11\/Rosita-Correa-BY-Bismark10-1-scaled-1024x681.jpg 1024w, https:\/\/alquilerusaris.com\/rusaris\/wp-content\/uploads\/2023\/11\/Rosita-Correa-BY-Bismark10-1-768x511.jpg 768w, https:\/\/alquilerusaris.com\/rusaris\/wp-content\/uploads\/2023\/11\/Rosita-Correa-BY-Bismark10-1-1536x1022.jpg 1536w, https:\/\/alquilerusaris.com\/rusaris\/wp-content\/uploads\/2023\/11\/Rosita-Correa-BY-Bismark10-1-scaled-1024x681@2x.jpg 2048w\" sizes=\"auto, (max-width: 2560px) 100vw, 2560px\" \/><\/a><\/div><figcaption class=\"vcex-image-caption wpex-mt-10\">Alquiler<\/figcaption><\/figure><style> style=\"height:40px;\"<\/style><div class=\"vcex-spacing wpex-w-100 wpex-clear\" style=\"height:40px;\"><\/div>[\/vc_column][\/vc_row][vc_row][vc_column]<div class=\"vcex-spacing wpex-w-100 wpex-clear\"><\/div>[\/vc_column][\/vc_row][vc_row][vc_column]<style>.vcex-heading.vcex_69f29447d4f6d{font-size:32px;font-family:Marcellus;font-weight:400;}<\/style><h2 class=\"vcex-heading vcex-heading-plain vcex-module wpex-heading wpex-text-2xl wpex-text-center vcex_69f29447d4f6d\"><span class=\"vcex-heading-inner wpex-inline-block\">Insp\u00edrate con nuestro blog<\/span><\/h2><style> style=\"height:40px;\"<\/style><div class=\"vcex-spacing wpex-w-100 wpex-clear\" style=\"height:40px;\"><\/div><div class=\"vcex-module vcex-blog-grid-wrap wpex-clr\"><div class=\"wpex-row vcex-blog-grid wpex-clr entries\"><div class=\"vcex-blog-entry vcex-grid-item entry-has-details span_1_of_2 col-1 col post-834 entry type-post has-media cat-1\"><div class=\"vcex-blog-entry-inner entry-inner wpex-first-mt-0 wpex-last-mb-0 wpex-clr\"><div class=\"vcex-blog-entry-media entry-media wpex-mb-20\"><a href=\"https:\/\/alquilerusaris.com\/rusaris\/2025\/02\/05\/tendencias-de-decoracion-para-bodas-en-2025-que-no-puedes-perderte\/\" title=\"Tendencias de decoraci\u00f3n para bodas en 2025\u00a0\"><img width=\"2560\" height=\"1709\" src=\"https:\/\/alquilerusaris.com\/rusaris\/wp-content\/uploads\/2025\/02\/SAB24AGO-SANTAFE23-scaled.jpg\" class=\"vcex-blog-entry-img wpex-align-middle\" alt=\"\" loading=\"lazy\" decoding=\"async\" srcset=\"https:\/\/alquilerusaris.com\/rusaris\/wp-content\/uploads\/2025\/02\/SAB24AGO-SANTAFE23-scaled.jpg 2560w, https:\/\/alquilerusaris.com\/rusaris\/wp-content\/uploads\/2025\/02\/SAB24AGO-SANTAFE23-300x200.jpg 300w, https:\/\/alquilerusaris.com\/rusaris\/wp-content\/uploads\/2025\/02\/SAB24AGO-SANTAFE23-1024x684.jpg 1024w, https:\/\/alquilerusaris.com\/rusaris\/wp-content\/uploads\/2025\/02\/SAB24AGO-SANTAFE23-768x513.jpg 768w, https:\/\/alquilerusaris.com\/rusaris\/wp-content\/uploads\/2025\/02\/SAB24AGO-SANTAFE23-1536x1025.jpg 1536w, https:\/\/alquilerusaris.com\/rusaris\/wp-content\/uploads\/2025\/02\/SAB24AGO-SANTAFE23-2048x1367.jpg 2048w\" sizes=\"auto, (max-width: 2560px) 100vw, 2560px\" \/><\/a><\/div><div class=\"vcex-blog-entry-details entry-details wpex-first-mt-0 wpex-last-mb-0 wpex-clr\"><h2 class=\"vcex-blog-entry-title entry-title wpex-mb-5\"><a href=\"https:\/\/alquilerusaris.com\/rusaris\/2025\/02\/05\/tendencias-de-decoracion-para-bodas-en-2025-que-no-puedes-perderte\/\">Tendencias de decoraci\u00f3n para bodas en 2025\u00a0<\/a><\/h2><div class=\"vcex-blog-entry-date entry-date wpex-text-sm wpex-text-3 wpex-mb-5\">February 5, 2025<\/div><div class=\"vcex-blog-entry-excerpt entry-excerpt wpex-my-15 wpex-last-mb-0 wpex-clr\"><p>\u00bfSue\u00f1as con una boda \u00fanica y memorable? El 2025 trae consigo nuevas tendencias que transformar\u00e1n&hellip;<\/p><\/div><div class=\"vcex-blog-entry-readmore-wrap entry-readmore-wrap wpex-my-15 wpex-clr\"><a href=\"https:\/\/alquilerusaris.com\/rusaris\/2025\/02\/05\/tendencias-de-decoracion-para-bodas-en-2025-que-no-puedes-perderte\/\" class=\"theme-button\" aria-label=\"Leer m\u00e1s about Tendencias de decoraci\u00f3n para bodas en 2025\u00a0\">Leer m\u00e1s<\/a><\/div><\/div><\/div><\/div><div class=\"vcex-blog-entry vcex-grid-item entry-has-details span_1_of_2 col-2 col post-55 entry type-post has-media cat-18\"><div class=\"vcex-blog-entry-inner entry-inner wpex-first-mt-0 wpex-last-mb-0 wpex-clr\"><div class=\"vcex-blog-entry-media entry-media wpex-mb-20\"><a href=\"https:\/\/alquilerusaris.com\/rusaris\/2023\/11\/18\/take-a-hike-to-a-secret-waterfall\/\" title=\"Inspiraci\u00f3n Vintage\"><img width=\"2560\" height=\"1707\" src=\"https:\/\/alquilerusaris.com\/rusaris\/wp-content\/uploads\/2023\/11\/SAB-10-SEP-3-MARIAS-107-scaled.jpg\" class=\"vcex-blog-entry-img wpex-align-middle\" alt=\"\" loading=\"lazy\" decoding=\"async\" srcset=\"https:\/\/alquilerusaris.com\/rusaris\/wp-content\/uploads\/2023\/11\/SAB-10-SEP-3-MARIAS-107-scaled.jpg 2560w, https:\/\/alquilerusaris.com\/rusaris\/wp-content\/uploads\/2023\/11\/SAB-10-SEP-3-MARIAS-107-300x200.jpg 300w, https:\/\/alquilerusaris.com\/rusaris\/wp-content\/uploads\/2023\/11\/SAB-10-SEP-3-MARIAS-107-scaled-1024x683.jpg 1024w, https:\/\/alquilerusaris.com\/rusaris\/wp-content\/uploads\/2023\/11\/SAB-10-SEP-3-MARIAS-107-768x512.jpg 768w, https:\/\/alquilerusaris.com\/rusaris\/wp-content\/uploads\/2023\/11\/SAB-10-SEP-3-MARIAS-107-1536x1024.jpg 1536w, https:\/\/alquilerusaris.com\/rusaris\/wp-content\/uploads\/2023\/11\/SAB-10-SEP-3-MARIAS-107-scaled-1024x683@2x.jpg 2048w, https:\/\/alquilerusaris.com\/rusaris\/wp-content\/uploads\/2023\/11\/SAB-10-SEP-3-MARIAS-107-scaled-1500x1000.jpg 1500w\" sizes=\"auto, (max-width: 2560px) 100vw, 2560px\" \/><\/a><\/div><div class=\"vcex-blog-entry-details entry-details wpex-first-mt-0 wpex-last-mb-0 wpex-clr\"><h2 class=\"vcex-blog-entry-title entry-title wpex-mb-5\"><a href=\"https:\/\/alquilerusaris.com\/rusaris\/2023\/11\/18\/take-a-hike-to-a-secret-waterfall\/\">Inspiraci\u00f3n Vintage<\/a><\/h2><div class=\"vcex-blog-entry-date entry-date wpex-text-sm wpex-text-3 wpex-mb-5\">November 18, 2023<\/div><div class=\"vcex-blog-entry-excerpt entry-excerpt wpex-my-15 wpex-last-mb-0 wpex-clr\"><p>En esta tem\u00e1tica reinan los vestidos de encaje y esta idea la llevamos al momento&hellip;<\/p><\/div><div class=\"vcex-blog-entry-readmore-wrap entry-readmore-wrap wpex-my-15 wpex-clr\"><a href=\"https:\/\/alquilerusaris.com\/rusaris\/2023\/11\/18\/take-a-hike-to-a-secret-waterfall\/\" class=\"theme-button\" aria-label=\"Leer m\u00e1s about Inspiraci\u00f3n Vintage\">Leer m\u00e1s<\/a><\/div><\/div><\/div><\/div><\/div><\/div>[\/vc_column][\/vc_row][vc_row full_width=&#8221;stretch_row&#8221; remove_bottom_col_margin=&#8221;true&#8221; css=&#8221;.vc_custom_1700060901857{padding-top: 10px !important;padding-bottom: 10px !important;background-color: #f5f5f5 !important;}&#8221;][vc_column css=&#8221;.vc_custom_1700060379268{border-bottom-width: 10px !important;padding-bottom: 20px !important;}&#8221;]<style>.vcex-heading.vcex_69f29447d7ff5{font-size:32px;font-family:Marcellus;font-weight:400;}<\/style><h2 class=\"vcex-heading vcex-heading-plain vcex-module wpex-h3 wpex-p-0 wpex-rounded-xs wpex-text-center vcex_69f29447d7ff5\"><span class=\"vcex-heading-inner wpex-inline-block\">Cont\u00e1ctate con nosotros<\/span><\/h2>[\/vc_column][\/vc_row][vc_row full_width=&#8221;stretch_row&#8221; remove_bottom_col_margin=&#8221;true&#8221; css=&#8221;.vc_custom_1700060436140{padding-top: 10px !important;padding-bottom: 20px !important;background-color: #f5f5f5 !important;}&#8221;][vc_column width=&#8221;1\/2&#8243; css=&#8221;.vc_custom_1700060379268{border-bottom-width: 10px !important;padding-bottom: 20px !important;}&#8221;]<div class=\"vcex-module vcex-icon-box vcex-icon-box-one wpex-flex wpex-p-20 wpex-text-left vc_custom_1700327493316\" style=\"border-radius:var(--wpex-rounded);\"><div class=\"vcex-icon-box-symbol wpex-flex-shrink-0 wpex-mr-20\"><div class=\"vcex-icon-box-icon wpex-inline-flex wpex-items-center wpex-justify-center wpex-child-inherit-color wpex-text-center wpex-leading-none wpex-text-1\" style=\"color:var(--wpex-accent);font-size:25px;\"><span class=\"ticon ticon-phone\" aria-hidden=\"true\"><\/span><\/div><\/div><div class=\"vcex-icon-box-text wpex-flex-grow\"><h2 class=\"vcex-icon-box-heading wpex-heading wpex-mb-10\" style=\"font-size:16px;letter-spacing:var(--wpex-tracking-normal);line-height:var(--wpex-leading-snug);\">Tel\u00e9fono<\/h2><div class=\"vcex-icon-box-content wpex-last-mb-0 wpex-clr\" style=\"font-family:Marcellus;\"><p>02 2 372 727 \/ +593 9 8428 4885<\/p>\n<\/div><\/div><\/div><div class=\"vcex-module vcex-icon-box vcex-icon-box-one wpex-flex wpex-p-20 wpex-text-left vc_custom_1700327520661\" style=\"border-radius:var(--wpex-rounded);\"><div class=\"vcex-icon-box-symbol wpex-flex-shrink-0 wpex-mr-20\"><div class=\"vcex-icon-box-icon wpex-inline-flex wpex-items-center wpex-justify-center wpex-child-inherit-color wpex-text-center wpex-leading-none wpex-text-1\" style=\"color:var(--wpex-accent);font-size:var(--vcex-icon-sm);\"><span class=\"ticon ticon-envelope\" aria-hidden=\"true\"><\/span><\/div><\/div><div class=\"vcex-icon-box-text wpex-flex-grow\"><h1 class=\"vcex-icon-box-heading wpex-heading wpex-mb-10\" style=\"font-weight:600;font-size:16px;\">Mail<\/h1><div class=\"vcex-icon-box-content wpex-last-mb-0 wpex-clr\" style=\"font-family:Marcellus;\"><p>alquilerusari@netlife.ec<\/p>\n<\/div><\/div><\/div><div class=\"vcex-module vcex-icon-box vcex-icon-box-one wpex-flex wpex-p-20 wpex-text-left vc_custom_1700327568810\" style=\"border-radius:var(--wpex-rounded);\"><div class=\"vcex-icon-box-symbol wpex-flex-shrink-0 wpex-mr-20\"><div class=\"vcex-icon-box-icon wpex-inline-flex wpex-items-center wpex-justify-center wpex-child-inherit-color wpex-text-center wpex-leading-none wpex-text-1\" style=\"color:var(--wpex-accent);font-size:32px;\"><span class=\"ticon ticon-map-marker\" aria-hidden=\"true\"><\/span><\/div><\/div><div class=\"vcex-icon-box-text wpex-flex-grow\"><h2 class=\"vcex-icon-box-heading wpex-heading wpex-mb-10\" style=\"font-size:16px;\">Direcci\u00f3n<\/h2><div class=\"vcex-icon-box-content wpex-last-mb-0 wpex-clr\" style=\"font-family:Marcellus;\"><p>Av. Oswaldo Guayasamin Oe1-35 y Carvajal<\/p>\n<\/div><\/div><\/div><div class=\"vcex-module vcex-icon-box vcex-icon-box-one wpex-flex wpex-p-20 wpex-text-left vc_custom_1700339970810\" style=\"border-radius:var(--wpex-rounded);\"><div class=\"vcex-icon-box-symbol wpex-flex-shrink-0 wpex-mr-20\"><div class=\"vcex-icon-box-icon wpex-inline-flex wpex-items-center wpex-justify-center wpex-child-inherit-color wpex-text-center wpex-leading-none wpex-text-1\" style=\"color:var(--wpex-accent);font-size:32px;\"><span class=\"ticon ticon-mobile\" aria-hidden=\"true\"><\/span><\/div><\/div><div class=\"vcex-icon-box-text wpex-flex-grow\"><h2 class=\"vcex-icon-box-heading wpex-heading wpex-mb-10\" style=\"font-size:16px;\">Redes Sociales<\/h2><div class=\"vcex-icon-box-content wpex-last-mb-0 wpex-clr\" style=\"font-family:Marcellus;\"><a href=\"https:\/\/www.facebook.com\/Rusarisvajillasyeventos\" title=\"\" target=\"\" rel=\"\"><span class=\"ticon ticon-facebook-official\" aria-hidden=\"true\" style=\"color:grey;font-size:20px;\"><\/span><\/a> <a href=\"https:\/\/www.instagram.com\/rusariseventos\/\" title=\"\" target=\"\" rel=\"\"><span class=\"ticon ticon-instagram\" aria-hidden=\"true\" style=\"color:grey;font-size:20px;\"><\/span><\/a>\n<\/div><\/div><\/div>[\/vc_column][vc_column width=&#8221;1\/2&#8243;]<div class=\"vcex-contact-form light-form\" data-ajaxurl=\"https:\/\/alquilerusaris.com\/rusaris\/wp-admin\/admin-ajax.php\" data-notice-success=\"Thank you for the message. We will respond as soon as possible.\" data-notice-error=\"Some errors occurred.\" data-recaptcha=\"\" data-nonce=\"8d2ef32e63\"><form class=\"vcex-contact-form__form\"><div class=\"vcex-contact-form__fields wpex-mb-15 wpex-flex wpex-gap-20 wpex-flex-wrap\"><div class=\"vcex-contact-form__name wpex-flex-grow\"><label class=\"screen-reader-text\" for=\"vcex-contact-form__69f29447dcb14-name\">Nombre<sup class=\"vcex-contact-form__required\">*<\/sup><\/label><input class=\"vcex-contact-form__input wpex-w-100\" type=\"text\" id=\"vcex-contact-form__69f29447dcb14-name\" name=\"vcex_cf_name\" required placeholder=\"Nombre*\"><\/div><div class=\"vcex-contact-form__email wpex-flex-grow\"><label class=\"screen-reader-text\" for=\"vcex-contact-form__69f29447dcb14-email\">Mail<sup class=\"vcex-contact-form__required\">*<\/sup><\/label><input class=\"vcex-contact-form__input wpex-w-100\" type=\"email\" id=\"vcex-contact-form__69f29447dcb14-email\" name=\"vcex_cf_email\" required placeholder=\"Mail*\"><\/div><\/div><div class=\"vcex-contact-form__message wpex-mb-15\"><label class=\"screen-reader-text\" for=\"vcex-contact-form__69f29447dcb14-message\">Tipo de evento y n\u00famero de invitados<\/label><textarea rows=\"8\" class=\"vcex-contact-form__textarea wpex-align-top wpex-w-100\" id=\"vcex-contact-form__69f29447dcb14-message\" name=\"vcex_cf_message\" required placeholder=\"Tipo de evento y n\u00famero de invitados\"><\/textarea><\/div><button class=\"vcex-contact-form__submit theme-button\">Enviar<\/button><div class=\"vcex-contact-form__spinner wpex-mt-15 wpex-hidden\"><svg height=\"20\" width=\"20\" viewBox=\"0 0 36 36\" xmlns=\"http:\/\/www.w3.org\/2000\/svg\"><circle cx=\"18\" cy=\"18\" r=\"18\" fill=\"#a2a2a2\" fill-opacity=\".5\"\/><circle cx=\"18\" cy=\"8\" r=\"4\" fill=\"#fff\"><animateTransform attributeName=\"transform\" dur=\"1100ms\" from=\"0 18 18\" repeatCount=\"indefinite\" to=\"360 18 18\" type=\"rotate\"\/><\/circle><\/svg><\/div><div class=\"vcex-contact-form__notice wpex-hidden wpex-alert wpex-mt-15 wpex-mb-0\"><\/div><\/form><div class=\"vcex-contact-form__overlay wpex-hidden\"><\/div><\/div>[\/vc_column][\/vc_row]\n<\/div>","protected":false},"excerpt":{"rendered":"<p>[vc_row full_width=&#8221;stretch_row&#8221; remove_bottom_col_margin=&#8221;true&#8221; css=&#8221;.vc_custom_1700691646722{padding-top: 70px !important;padding-bottom: 40px !important;background-color: #f5f5f5 !important;}&#8221;][vc_column][vc_column_text el_class=&#8221;limit-text-width&#8221; text_align=&#8221;center&#8221; font_family=&#8221;Marcellus&#8221;] Nos comprometemos con nuestros clientes para entender sus expectativas y juntos lograr que su evento sea un d\u00eda especial y memorable. Tenemos a\u00f1os de experiencia. Descarga nuestros cat\u00e1logos: Cat\u00e1logo Rusari&#8217;s 2025 detalles y\u00a0Cat\u00e1logo Rusari&#8217;s 2025 Mobiliario [\/vc_column_text][\/vc_column][\/vc_row][vc_row full_width=&#8221;stretch_row&#8221; remove_bottom_col_margin=&#8221;true&#8221; css=&#8221;.vc_custom_1700691598569{padding-top: 0px !important;background-color:&hellip;<\/p>\n","protected":false},"author":1,"featured_media":0,"parent":0,"menu_order":0,"comment_status":"closed","ping_status":"closed","template":"","meta":{"footnotes":""},"class_list":["post-147","page","type-page","status-publish","hentry","entry","has-media"],"_links":{"self":[{"href":"https:\/\/alquilerusaris.com\/rusaris\/wp-json\/wp\/v2\/pages\/147","targetHints":{"allow":["GET"]}}],"collection":[{"href":"https:\/\/alquilerusaris.com\/rusaris\/wp-json\/wp\/v2\/pages"}],"about":[{"href":"https:\/\/alquilerusaris.com\/rusaris\/wp-json\/wp\/v2\/types\/page"}],"author":[{"embeddable":true,"href":"https:\/\/alquilerusaris.com\/rusaris\/wp-json\/wp\/v2\/users\/1"}],"replies":[{"embeddable":true,"href":"https:\/\/alquilerusaris.com\/rusaris\/wp-json\/wp\/v2\/comments?post=147"}],"version-history":[{"count":134,"href":"https:\/\/alquilerusaris.com\/rusaris\/wp-json\/wp\/v2\/pages\/147\/revisions"}],"predecessor-version":[{"id":844,"href":"https:\/\/alquilerusaris.com\/rusaris\/wp-json\/wp\/v2\/pages\/147\/revisions\/844"}],"wp:attachment":[{"href":"https:\/\/alquilerusaris.com\/rusaris\/wp-json\/wp\/v2\/media?parent=147"}],"curies":[{"name":"wp","href":"https:\/\/api.w.org\/{rel}","templated":true}]}}